{"id":649,"date":"2025-09-09T11:51:29","date_gmt":"2025-09-09T11:51:29","guid":{"rendered":"http:\/\/new.dasix.cz\/?page_id=649"},"modified":"2025-10-09T14:21:35","modified_gmt":"2025-10-09T14:21:35","slug":"venkovni-plochy","status":"publish","type":"page","link":"https:\/\/dasix.cz\/?page_id=649","title":{"rendered":"Venkovn\u00ed plochy"},"content":{"rendered":"\n<div class=\"wp-block-stackable-columns alignfull stk-block-columns stk-block stk-575cb3a\" data-block-id=\"575cb3a\"><div class=\"stk-row stk-inner-blocks stk-block-content stk-content-align stk-575cb3a-column alignfull\">\n<div class=\"wp-block-stackable-column stk-block-column stk-column stk-block stk-6dfbaf4\" data-v=\"4\" data-block-id=\"6dfbaf4\"><div class=\"stk-column-wrapper stk-block-column__content stk-container stk-6dfbaf4-container stk--no-background stk--no-padding\"><div class=\"stk-block-content stk-inner-blocks stk-6dfbaf4-inner-blocks\">\n<div class=\"wp-block-stackable-image-box stk-block-image-box stk-hover-parent stk-block stk-40db290 is-style-default\" data-block-id=\"40db290\"><div class=\"stk-block-content stk-inner-blocks has-text-align-center stk-row stk-block-image-box__content\">\n<div class=\"wp-block-stackable-image stk-block-image stk-block stk-9fec53c\" data-block-id=\"9fec53c\"><style>.stk-9fec53c .stk-img-wrapper{width:100% !important;height:500px !important;--stk-gradient-overlay:0.5 !important;}.stk-9fec53c .stk-img-wrapper img{object-position:54% 57.99999999999999% !important;object-fit:cover !important;}.stk-9fec53c .stk-img-wrapper::after{background-color:var(--theme-palette-color-4, #192a3d) !important;}:where(.stk-hover-parent:hover,  .stk-hover-parent.stk--is-hovered) .stk-9fec53c .stk-img-wrapper::after{background-color:#000000B3 !important;}<\/style><figure><span class=\"stk-img-wrapper stk-image--shape-stretch\"><img loading=\"lazy\" decoding=\"async\" class=\"stk-img wp-image-1270\" src=\"http:\/\/dasix.cz\/wp-content\/uploads\/2025\/09\/vyhrivana_cesta_zima-scaled.jpg\" width=\"2560\" height=\"1920\" srcset=\"https:\/\/dasix.cz\/wp-content\/uploads\/2025\/09\/vyhrivana_cesta_zima-scaled.jpg 2560w, https:\/\/dasix.cz\/wp-content\/uploads\/2025\/09\/vyhrivana_cesta_zima-300x225.jpg 300w, https:\/\/dasix.cz\/wp-content\/uploads\/2025\/09\/vyhrivana_cesta_zima-1024x768.jpg 1024w, https:\/\/dasix.cz\/wp-content\/uploads\/2025\/09\/vyhrivana_cesta_zima-768x576.jpg 768w, https:\/\/dasix.cz\/wp-content\/uploads\/2025\/09\/vyhrivana_cesta_zima-1536x1152.jpg 1536w, https:\/\/dasix.cz\/wp-content\/uploads\/2025\/09\/vyhrivana_cesta_zima-2048x1536.jpg 2048w\" sizes=\"auto, (max-width: 2560px) 100vw, 2560px\" \/><\/span><\/figure><\/div>\n\n\n\n<div class=\"wp-block-stackable-column stk-block-column stk-column stk-block stk-6259f07\" data-v=\"4\" data-block-id=\"6259f07\"><style>.stk-6259f07 {align-items:center !important;display:flex !important;}<\/style><div class=\"stk-column-wrapper stk-block-column__content stk-container stk-6259f07-container stk--no-background stk--no-padding\"><div class=\"stk-block-content stk-inner-blocks stk-6259f07-inner-blocks\">\n<div class=\"wp-block-stackable-subtitle stk-block-subtitle stk-block stk-87146b5\" data-block-id=\"87146b5\"><style>.stk-87146b5 {margin-bottom:8px !important;opacity:1 !important;}:where(.stk-hover-parent:hover,  .stk-hover-parent.stk--is-hovered) .stk-87146b5{opacity:1 !important;}.stk-87146b5 .stk-block-subtitle__text{color:#FFFFFF !important;}<\/style><p class=\"stk-block-subtitle__text stk-subtitle has-text-color has-white-color\"><\/p><\/div>\n\n\n\n<div class=\"wp-block-stackable-heading stk-block-heading stk-block-heading--v2 stk-block stk-9e2c920\" id=\"venkovni-plochy\" data-block-id=\"9e2c920\"><style>.stk-9e2c920 {opacity:1 !important;}.stk-9e2c920 .stk-block-heading__text{color:#FFFFFF !important;}<\/style><h1 class=\"stk-block-heading__text has-text-color has-white-color\">Venkovn\u00ed plochy<\/h1><\/div>\n\n\n\n<div class=\"wp-block-stackable-button-group stk-block-button-group stk-block stk-225a963\" data-block-id=\"225a963\"><style>.stk-225a963 {margin-top:30px !important;margin-bottom:30px !important;}<\/style><div class=\"stk-row stk-inner-blocks has-text-align-center stk-block-content stk-button-group\">\n<div class=\"wp-block-stackable-button stk-block-button stk-block stk-3529f5b\" data-block-id=\"3529f5b\"><style>.stk-3529f5b .stk-button{background:var(--theme-palette-color-2, #DB2B19) !important;}<\/style><a class=\"stk-link stk-button stk--hover-effect-darken\" href=\"http:\/\/dasix.cz\/#kontakty\"><span class=\"stk-button__inner-text\">Domluvit si sch\u016fzku<\/span><\/a><\/div>\n<\/div><\/div>\n<\/div><\/div><\/div>\n<\/div><\/div>\n<\/div><\/div><\/div>\n<\/div><\/div>\n\n\n\n<div class=\"wp-block-stackable-spacer stk-block-spacer stk--no-padding stk-block stk-322f8a1\" data-block-id=\"322f8a1\"><style>.stk-322f8a1 {height:80px !important;}<\/style><\/div>\n\n\n\n<div class=\"wp-block-stackable-columns stk-block-columns stk-block stk-dd0bee5\" data-block-id=\"dd0bee5\"><div class=\"stk-row stk-inner-blocks stk-block-content stk-content-align stk-dd0bee5-column\">\n<div class=\"wp-block-stackable-column stk-block-column stk-column stk-block stk-98ad454\" data-v=\"4\" data-block-id=\"98ad454\"><div class=\"stk-column-wrapper stk-block-column__content stk-container stk-98ad454-container stk--no-background stk--no-padding\"><div class=\"stk-block-content stk-inner-blocks stk-98ad454-inner-blocks\">\n<div class=\"wp-block-stackable-text stk-block-text stk-block stk-4171672\" data-block-id=\"4171672\"><p class=\"stk-block-text__text\">N\u00e1mraza, sn\u00edh a&nbsp;mr\u00e1z moho u&nbsp;p\u0159in\u00e1\u0161et probl\u00e9my na mnoha m\u00edstech. Na\u0161e \u0159e\u0161en\u00ed elektrick\u00fdmi topn\u00fdmi kabely s&nbsp;regulac\u00ed nab\u00edzej\u00ed spolehlivou ochranu va\u0161\u00ed nemovitosti i&nbsp;jej\u00edho okol\u00ed 24 hodin denn\u011b. Zajist\u00edme v\u00e1m&nbsp; sj\u00edzdnost i&nbsp;sch\u016fdnost v\u0161ech cest, chodn\u00edk\u016f, schodi\u0161\u0165 i&nbsp;venkovn\u00edch teras &#8211; v\u0161ude tam, kde pot\u0159ebujete a&nbsp;za ka\u017ed\u00e9ho po\u010das\u00ed.&nbsp; Obejdete se bez posypov\u00fdch materi\u00e1lu, lopat.<\/p><\/div>\n<\/div><\/div><\/div>\n<\/div><\/div>\n\n\n\n<div class=\"wp-block-stackable-spacer stk-block-spacer stk--no-padding stk-block stk-93559ae\" data-block-id=\"93559ae\"><\/div>\n\n\n\n<div class=\"wp-block-stackable-columns stk-block-columns stk-block stk-516108f\" data-block-id=\"516108f\"><div class=\"stk-row stk-inner-blocks stk-block-content stk-content-align stk-516108f-column\">\n<div class=\"wp-block-stackable-column stk-block-column stk-column stk-block stk-4927f16\" data-v=\"4\" data-block-id=\"4927f16\"><div class=\"stk-column-wrapper stk-block-column__content stk-container stk-4927f16-container stk--no-background stk--no-padding\"><div class=\"stk-block-content stk-inner-blocks stk-4927f16-inner-blocks\">\n<div class=\"wp-block-stackable-tabs stk-block-tabs stk-block stk-56f249c\" data-initial-tab=\"1\" data-block-id=\"56f249c\"><style>.stk-56f249c .stk-block-tab-content .stk-block-content .stk-block-column[hidden]{display:none !important;}<\/style><div class=\"stk-row stk-inner-blocks stk-block-content stk-block-tabs--horizontal stk-block-tabs--fade stk-content-align stk-56f249c-column\">\n<div class=\"wp-block-stackable-tab-labels stk-block-tab-labels stk-block stk-0e17bb6 is-style-buttons\" data-block-id=\"0e17bb6\"><style>.stk-0e17bb6 .stk-block-tabs__tab{color:#999999 !important;background:#ffffff !important;border-top-left-radius:4px !important;border-top-right-radius:4px !important;border-bottom-right-radius:4px !important;border-bottom-left-radius:4px !important;border-color:transparent !important;border-top-width:0px !important;border-right-width:0px !important;border-bottom-width:2px !important;border-left-width:0px !important;}.stk-0e17bb6 .stk-block-tabs__tab.stk-block-tabs__tab--active .stk-block-tab-labels__text{color:#ffffff !important;}.stk-0e17bb6 {overflow:hidden !important;}.stk-0e17bb6 .stk-block-tab-labels__text{color:#999999 !important;}.stk-0e17bb6 .stk-block-tabs__tab:not(.stk-block-tabs__tab--active):hover{background:#eeeeee !important;opacity:1 !important;}.stk-0e17bb6 .stk-block-tabs__tab .stk--inner-svg svg:last-child, .stk-0e17bb6 .stk-block-tabs__tab .stk--inner-svg svg:last-child :is(g, path, rect, polygon, ellipse){fill:#000000 !important;}.stk-0e17bb6 .stk-block-tabs__tab.stk-block-tabs__tab--active{background:#5dac25 !important;border-color:#000000 !important;}.stk-0e17bb6 .stk-block-tabs__tab.stk-block-tabs__tab--active .stk--inner-svg svg:last-child, .stk-0e17bb6 .stk-block-tabs__tab.stk-block-tabs__tab--active .stk--inner-svg svg:last-child :is(g, path, rect, polygon, ellipse){fill:#ffffff !important;}<\/style><div class=\"stk-block-tab-labels__wrapper\" role=\"tablist\"><button class=\"stk-block-tabs__tab\" role=\"tab\"><div class=\"stk-block-tab-labels__text\"><span>Topn\u00e9 prvky a fixace<\/span><\/div><\/button><button class=\"stk-block-tabs__tab\" role=\"tab\"><div class=\"stk-block-tab-labels__text\"><span>Regulace<\/span><\/div><\/button><\/div><\/div>\n\n\n\n<div class=\"wp-block-stackable-tab-content stk-block-tab-content stk-block stk-801482e\" data-block-id=\"801482e\"><div class=\"stk-row stk-inner-blocks stk-block-content stk-content-align stk-801482e-column\">\n<div class=\"wp-block-stackable-column stk-block-column stk-column stk-block stk-1ff5010\" data-v=\"4\" data-block-id=\"1ff5010\"><div class=\"stk-column-wrapper stk-block-column__content stk-container stk-1ff5010-container stk--no-background stk--no-padding\"><div class=\"stk-block-content stk-inner-blocks stk-1ff5010-inner-blocks\">\n<div class=\"wp-block-stackable-heading stk-block-heading stk-block-heading--v2 stk-block stk-29ed1b1\" id=\"topne-kabely-pro-vyhrivani-venkovnich-ploch\" data-block-id=\"29ed1b1\"><style>.stk-29ed1b1 .stk-block-heading__text{color:#5dac25 !important;}<\/style><h6 class=\"stk-block-heading__text has-text-color\">Topn\u00e9 kabely pro vyh\u0159\u00edv\u00e1n\u00ed venkovn\u00edch ploch<\/h6><\/div>\n\n\n\n<figure class=\"wp-block-table\"><table class=\"has-fixed-layout\"><thead><tr><th>typ<\/th><th>v\u00fdkon<\/th><th>specifikace<\/th><th>d\u00e9lka kabelu<\/th><th>n\u00e1kup<\/th><\/tr><\/thead><tbody><tr><td>TO-1T<\/td><td>30 W\/m<\/td><td>b\u011b\u017en\u00fd do venkovn\u00edch ploch<\/td><td>67 &#8230; 134 m<\/td><td><a href=\"https:\/\/eshop.dasix.cz\/Topne-kabely-30W-m-TO-1T-c8_40_2.htm\">E-SHOP<\/a><\/td><\/tr><tr><td>TO-2R<\/td><td>20 W\/m<\/td><td>na doporu\u010den\u00ed technika<\/td><td>12 &#8230; 170 m<\/td><td><a href=\"https:\/\/eshop.dasix.cz\/Topne-kabely-TO-2R-20W-m-c6_25_2.htm\">E-SHOP<\/a><\/td><\/tr><tr><td>TO-2S<\/td><td>17 W\/m<\/td><td>na doporu\u010den\u00ed technika<\/td><td>8 &#8230; 146 m<\/td><td><a href=\"https:\/\/eshop.dasix.cz\/Topne-kabely-17W-m-dvouzilove-c6_24_2.htm\">E-SHOP<\/a><\/td><\/tr><tr><td>SR 82J<\/td><td>26 W\/m p\u0159i 10\u00b0C<\/td><td>na doporu\u010den\u00ed technika<\/td><td>1 &#8230; 130 m<\/td><td><a href=\"https:\/\/eshop.dasix.cz\/Samoregulacni-topny-kabel-SR-82J-26W-m-d89.htm\">E-SHOP<\/a><\/td><\/tr><\/tbody><\/table><\/figure>\n\n\n\n<div class=\"wp-block-stackable-spacer stk-block-spacer stk--no-padding stk-block stk-479495d\" data-block-id=\"479495d\"><\/div>\n\n\n\n<h3 class=\"wp-block-heading\">TO-1H jedno\u017eilov\u00fd odporov\u00fd topn\u00fd kabel<\/h3>\n\n\n\n<ul class=\"wp-block-list\">\n<li>nap\u00e1jen\u00ed 230 V<\/li>\n<\/ul>\n\n\n\n<h4 class=\"wp-block-heading\">konstrukce:<\/h4>\n\n\n\n<ul class=\"wp-block-list\">\n<li>slan\u011bn\u00fd odporov\u00fd dr\u00e1t pro maxim\u00e1ln\u00ed mechanickou odolnost<\/li>\n\n\n\n<li>ochrann\u00e9 poc\u00ednovan\u00e9 opleten\u00ed<\/li>\n\n\n\n<li>vn\u011bj\u0161\u00ed izola\u010dn\u00ed pl\u00e1\u0161\u0165 kabelu &#8211; \u017elut\u00fd, PVC<\/li>\n\n\n\n<li>zplo\u0161t\u011bl\u00fd pr\u016fm\u011br 6,5 x 8 mm<\/li>\n\n\n\n<li>min. pr\u016fm\u011br ohybu 50 mm<\/li>\n<\/ul>\n\n\n\n<h4 class=\"wp-block-heading\">pou\u017eit\u00ed:<\/h4>\n\n\n\n<ul class=\"wp-block-list\">\n<li>betonov\u00e9 plochy<\/li>\n<\/ul>\n\n\n\n<div class=\"wp-block-stackable-columns stk-block-columns stk-block stk-3039d29\" data-block-id=\"3039d29\"><div class=\"stk-row stk-inner-blocks stk-block-content stk-content-align stk-3039d29-column\">\n<div class=\"wp-block-stackable-column stk-block-column stk-column stk-block stk-ee65eec\" data-v=\"4\" data-block-id=\"ee65eec\"><div class=\"stk-column-wrapper stk-block-column__content stk-container stk-ee65eec-container stk--no-background stk--no-padding\"><div class=\"has-text-align-center stk-block-content stk-inner-blocks stk-ee65eec-inner-blocks\">\n<div class=\"wp-block-stackable-image stk-block-image stk-block stk-74edbd7\" data-block-id=\"74edbd7\"><style>.stk-74edbd7 .stk-img-figcaption{text-align:center !important;}.stk-74edbd7 .stk-img-wrapper{width:300px !important;}<\/style><figure><span class=\"stk-img-wrapper stk-image--shape-stretch\"><img loading=\"lazy\" decoding=\"async\" class=\"stk-img wp-image-1259\" src=\"http:\/\/dasix.cz\/wp-content\/uploads\/2025\/09\/to1trez.jpg\" width=\"300\" height=\"225\"\/><\/span><figcaption class=\"stk-img-figcaption\">TO-1H \u0159ez jedno\u017eilov\u00fdm topn\u00fdm kabelem<\/figcaption><\/figure><\/div>\n<\/div><\/div><\/div>\n\n\n\n<div class=\"wp-block-stackable-column stk-block-column stk-column stk-block stk-a8ddbec\" data-v=\"4\" data-block-id=\"a8ddbec\"><div class=\"stk-column-wrapper stk-block-column__content stk-container stk-a8ddbec-container stk--no-background stk--no-padding\"><div class=\"has-text-align-center stk-block-content stk-inner-blocks stk-a8ddbec-inner-blocks\">\n<div class=\"wp-block-stackable-image stk-block-image stk-block stk-54e1ab2\" data-block-id=\"54e1ab2\"><style>.stk-54e1ab2 .stk-img-figcaption{text-align:center !important;}.stk-54e1ab2 .stk-img-wrapper{width:300px !important;}<\/style><figure><span class=\"stk-img-wrapper stk-image--shape-stretch\"><img loading=\"lazy\" decoding=\"async\" class=\"stk-img wp-image-1258\" src=\"http:\/\/dasix.cz\/wp-content\/uploads\/2025\/09\/to1t.jpg\" width=\"1415\" height=\"1179\" srcset=\"https:\/\/dasix.cz\/wp-content\/uploads\/2025\/09\/to1t.jpg 1415w, https:\/\/dasix.cz\/wp-content\/uploads\/2025\/09\/to1t-300x250.jpg 300w, https:\/\/dasix.cz\/wp-content\/uploads\/2025\/09\/to1t-1024x853.jpg 1024w, https:\/\/dasix.cz\/wp-content\/uploads\/2025\/09\/to1t-768x640.jpg 768w\" sizes=\"auto, (max-width: 1415px) 100vw, 1415px\" \/><\/span><figcaption class=\"stk-img-figcaption\">TO-1H<br>hotov\u00fd topn\u00fd okruh se studen\u00fdm koncem 2x5m<\/figcaption><\/figure><\/div>\n<\/div><\/div><\/div>\n<\/div><\/div>\n\n\n\n<h3 class=\"wp-block-heading\">Fixace topn\u00fdch kabel\u016f<\/h3>\n\n\n\n<figure class=\"wp-block-table\"><table class=\"has-fixed-layout\"><thead><tr><th>typ<\/th><th>specifikace<\/th><th>n\u00e1kup<\/th><\/tr><\/thead><tbody><tr><td>fixa\u010dn\u00ed p\u00e1sek GRUFAST<\/td><td>n\u00e1vin 10 m<\/td><td><a href=\"http:\/\/eshop.dasix.cz\/GRUFAST-10m-bal-d36.htm\">E-SHOP<\/a><\/td><\/tr><\/tbody><\/table><\/figure>\n\n\n\n<div class=\"wp-block-stackable-columns stk-block-columns stk-block stk-3643b58\" data-block-id=\"3643b58\"><div class=\"stk-row stk-inner-blocks stk-block-content stk-content-align stk-3643b58-column\">\n<div class=\"wp-block-stackable-column stk-block-column stk-column stk-block stk-61316d2\" data-v=\"4\" data-block-id=\"61316d2\"><div class=\"stk-column-wrapper stk-block-column__content stk-container stk-61316d2-container stk--no-background stk--no-padding\"><div class=\"has-text-align-center stk-block-content stk-inner-blocks stk-61316d2-inner-blocks\">\n<div class=\"wp-block-stackable-image stk-block-image stk-block stk-0930b64\" data-block-id=\"0930b64\"><style>.stk-0930b64 .stk-img-figcaption{text-align:center !important;}.stk-0930b64 .stk-img-wrapper{width:300px !important;}<\/style><figure><span class=\"stk-img-wrapper stk-image--shape-stretch\"><img loading=\"lazy\" decoding=\"async\" class=\"stk-img wp-image-1257\" src=\"http:\/\/dasix.cz\/wp-content\/uploads\/2025\/09\/fixacni_pasek.jpg\" width=\"300\" height=\"104\"\/><\/span><figcaption class=\"stk-img-figcaption\">fixa\u010dn\u00ed p\u00e1sek Grufast<\/figcaption><\/figure><\/div>\n<\/div><\/div><\/div>\n\n\n\n<div class=\"wp-block-stackable-column stk-block-column stk-column stk-block stk-10aab00\" data-v=\"4\" data-block-id=\"10aab00\"><div class=\"stk-column-wrapper stk-block-column__content stk-container stk-10aab00-container stk--no-background stk--no-padding\"><div class=\"has-text-align-center stk-block-content stk-inner-blocks stk-10aab00-inner-blocks\"><\/div><\/div><\/div>\n<\/div><\/div>\n\n\n\n<h2 class=\"wp-block-heading\">Topn\u00e9 roho\u017ee pro vyh\u0159\u00edv\u00e1n\u00ed venkovn\u00edch ploch<\/h2>\n\n\n\n<figure class=\"wp-block-table\"><table class=\"has-fixed-layout\"><thead><tr><th>typ<\/th><th>v\u00fdkon<\/th><th>specifikace<\/th><th>d\u00e9lka kabelu<\/th><th>n\u00e1kup<\/th><\/tr><\/thead><tbody><tr><td>HMO<\/td><td>350 W\/m2<\/td><td>do venkovn\u00edch ploch<\/td><td>2,4 &#8230; 14,4 m2<\/td><td><a href=\"http:\/\/eshop.dasix.cz\/Topne-rohoze-HMO-350W-m2-c8_15_2.htm\">E-SHOP<\/a><\/td><\/tr><\/tbody><\/table><\/figure>\n\n\n\n<div class=\"wp-block-stackable-spacer stk-block-spacer stk--no-padding stk-block stk-b7ab0a0\" data-block-id=\"b7ab0a0\"><\/div>\n\n\n\n<h3 class=\"wp-block-heading\">HMO dvou\u017eilov\u00e1 odporov\u00e1 topn\u00e1 roho\u017e<\/h3>\n\n\n\n<ul class=\"wp-block-list\">\n<li>p\u0159\u00edvodn\u00ed kabel 5 m<\/li>\n\n\n\n<li>nap\u00e1jen\u00ed 230 V<\/li>\n<\/ul>\n\n\n\n<h4 class=\"wp-block-heading\">konstrukce:<\/h4>\n\n\n\n<ul class=\"wp-block-list\">\n<li>slan\u011bn\u00fd odporov\u00fd dr\u00e1t fixovan\u00fd na nosn\u00e9 tkanin\u011b pro snadnou pokl\u00e1dku<\/li>\n\n\n\n<li>ochrann\u00e9 poc\u00ednovan\u00e9 opleten\u00ed<\/li>\n\n\n\n<li>vn\u011bj\u0161\u00ed izola\u010dn\u00ed pl\u00e1\u0161\u0165 kabelu &#8211; \u017elut\u00fd<\/li>\n\n\n\n<li>kulat\u00fd pr\u016f\u0159ez tlou\u0161\u0165ky 6 mm<\/li>\n\n\n\n<li>min. pr\u016fm\u011br ohybu 50 mm<\/li>\n<\/ul>\n\n\n\n<h4 class=\"wp-block-heading\">pou\u017eit\u00ed:<\/h4>\n\n\n\n<ul class=\"wp-block-list\">\n<li>skl\u00e1dan\u00e9 dla\u017eby \/ j\u00edzdn\u00ed pruhy<\/li>\n\n\n\n<li>ulo\u017een\u00ed do p\u00edskov\u00e9ho lo\u017ee na geotextilii<\/li>\n<\/ul>\n\n\n\n<div class=\"wp-block-stackable-columns stk-block-columns stk-block stk-f3e9583\" data-block-id=\"f3e9583\"><div class=\"stk-row stk-inner-blocks stk-block-content stk-content-align stk-f3e9583-column\">\n<div class=\"wp-block-stackable-column stk-block-column stk-column stk-block stk-305e794\" data-v=\"4\" data-block-id=\"305e794\"><div class=\"stk-column-wrapper stk-block-column__content stk-container stk-305e794-container stk--no-background stk--no-padding\"><div class=\"stk-block-content stk-inner-blocks stk-305e794-inner-blocks\">\n<div class=\"wp-block-stackable-image stk-block-image stk-block stk-0cfe3fb\" data-block-id=\"0cfe3fb\"><style>.stk-0cfe3fb .stk-img-figcaption{text-align:center !important;}.stk-0cfe3fb .stk-img-wrapper{width:300px !important;}<\/style><figure><span class=\"stk-img-wrapper stk-image--shape-stretch\"><img loading=\"lazy\" decoding=\"async\" class=\"stk-img wp-image-1256\" src=\"http:\/\/dasix.cz\/wp-content\/uploads\/2025\/09\/hmo_1.jpg\" width=\"300\" height=\"225\"\/><\/span><figcaption class=\"stk-img-figcaption\">HMO \u0159ez topn\u00fdm kabelem fixovan\u00fdm na roho\u017ei<\/figcaption><\/figure><\/div>\n<\/div><\/div><\/div>\n\n\n\n<div class=\"wp-block-stackable-column stk-block-column stk-column stk-block stk-e0fe098\" data-v=\"4\" data-block-id=\"e0fe098\"><div class=\"stk-column-wrapper stk-block-column__content stk-container stk-e0fe098-container stk--no-background stk--no-padding\"><div class=\"has-text-align-center stk-block-content stk-inner-blocks stk-e0fe098-inner-blocks\">\n<div class=\"wp-block-stackable-image stk-block-image stk-block stk-681982b\" data-block-id=\"681982b\"><style>.stk-681982b .stk-img-figcaption{text-align:center !important;}.stk-681982b .stk-img-wrapper{width:300px !important;}<\/style><figure><span class=\"stk-img-wrapper stk-image--shape-stretch\"><img loading=\"lazy\" decoding=\"async\" class=\"stk-img wp-image-1255\" src=\"http:\/\/dasix.cz\/wp-content\/uploads\/2025\/09\/hmo_2.jpg\" width=\"300\" height=\"236\"\/><\/span><figcaption class=\"stk-img-figcaption\"> \tHMO hotov\u00fd topn\u00fd okruh se studen\u00fdm koncem<\/figcaption><\/figure><\/div>\n<\/div><\/div><\/div>\n<\/div><\/div>\n\n\n\n<p><br>Pro technickou podporu n\u00e1s <a href=\"https:\/\/www.dasix.cz#kontakty\">kontaktujte<\/a>.<\/p>\n<\/div><\/div><\/div>\n\n\n\n<div class=\"wp-block-stackable-column stk-block-column stk-column stk-block stk-be183c6\" data-v=\"4\" data-block-id=\"be183c6\"><div class=\"stk-column-wrapper stk-block-column__content stk-container stk-be183c6-container stk--no-background stk--no-padding\"><div class=\"stk-block-content stk-inner-blocks stk-be183c6-inner-blocks\">\n<div class=\"wp-block-stackable-heading stk-block-heading stk-block-heading--v2 stk-block stk-b160e22\" id=\"regulace-pro-topne-prvky-na-vyhrivani-venkovnich-ploch\" data-block-id=\"b160e22\"><style>.stk-b160e22 .stk-block-heading__text{color:#5dac25 !important;}<\/style><h6 class=\"stk-block-heading__text has-text-color\">Regulace pro topn\u00e9 prvky na vyh\u0159\u00edv\u00e1n\u00ed venkovn\u00edch ploch<\/h6><\/div>\n\n\n\n<figure class=\"wp-block-table\"><table class=\"has-fixed-layout\"><thead><tr><th>typ<\/th><th>specifikace<\/th><th>n\u00e1kup<\/th><\/tr><\/thead><tbody><tr><td>ETO2<\/td><td>digit\u00e1ln\u00ed elektronick\u00fd termostat<\/td><td><a href=\"http:\/\/eshop.dasix.cz\/Snezny-regulator-ETO2-4550-d110.htm\">E-SHOP<\/a><\/td><\/tr><tr><td>ETR2<\/td><td>elektronick\u00fd termostat<\/td><td><a href=\"https:\/\/eshop.dasix.cz\/Snezny-regulator-ETR2-1550-d111.htm\">E-SHOP<\/a><\/td><\/tr><tr><td>ETOG<\/td><td>zemn\u00ed \u010didlo (teplota+vlhkost)<\/td><td><a href=\"http:\/\/eshop.dasix.cz\/Sada-cidel-pro-venkovni-plochy-d76.htm\">E-SHOP<\/a><\/td><\/tr><\/tbody><\/table><\/figure>\n\n\n\n<figure class=\"wp-block-table\"><table class=\"has-fixed-layout\"><tbody><tr><td><img decoding=\"async\" src=\"\" alt=\"ETO2\" width=\"250\"><\/td><td><img decoding=\"async\" src=\"\" alt=\"ETR2\" width=\"250\"><\/td><\/tr><tr><td>ETO2 do rozvad\u011b\u010de<br>digit\u00e1ln\u00ed elektronick\u00fd termostat<br>mo\u017enost zapojen\u00ed n\u011bkolika \u010didel<br>2-z\u00f3nov\u00fd<br>mo\u017enost \u0159\u00edzen\u00ed ochrany okap\u016f a st\u0159ech<br>proti zamrz\u00e1n\u00ed z\u00e1rove\u0148 s venkovn\u00ed plochou<\/td><td>ETR2 do rozvad\u011b\u010de<br>elektronick\u00fd termostat pro aplikace men\u0161\u00edho rozsahu<br>mo\u017enost zapojen\u00ed jednoho vlhkostn\u00edho<br>a jednoho teplotn\u00edho \u010didla<\/td><\/tr><\/tbody><\/table><\/figure>\n\n\n\n<figure class=\"wp-block-table\"><table class=\"has-fixed-layout\"><tbody><tr><td><img decoding=\"async\" src=\"\" alt=\"ETOG\" width=\"250\"><\/td><td><img decoding=\"async\" src=\"\" alt=\"ETF-744\/99\" width=\"250\"><\/td><\/tr><tr><td>ETOG<br>vlhkostn\u00ed \/ teplotn\u00ed zemn\u00ed \u010didlo<\/td><td>ETF-744\/99<br>prostorov\u00e9 teplotn\u00ed \u010didlo<\/td><\/tr><\/tbody><\/table><\/figure>\n\n\n\n<p><br>Pro technickou podporu n\u00e1s <a href=\"https:\/\/www.dasix.cz#kontakty\">kontaktujte<\/a>.<\/p>\n<\/div><\/div><\/div>\n<\/div><\/div>\n<\/div><\/div>\n<\/div><\/div><\/div>\n<\/div><\/div>\n\n\n\n<p><\/p>\n","protected":false},"excerpt":{"rendered":"<p>Venkovn\u00ed plochy Domluvit si sch\u016fzku N\u00e1mraza, sn\u00edh a&nbsp;mr\u00e1z moho u&nbsp;p\u0159in\u00e1\u0161et probl\u00e9my na mnoha m\u00edstech. Na\u0161e \u0159e\u0161en\u00ed elektrick\u00fdmi topn\u00fdmi kabely s&nbsp;regulac\u00ed nab\u00edzej\u00ed spolehlivou ochranu va\u0161\u00ed nemovitosti i&nbsp;jej\u00edho okol\u00ed 24 hodin denn\u011b. Zajist\u00edme v\u00e1m&nbsp; sj\u00edzdnost i&nbsp;sch\u016fdnost v\u0161ech cest, chodn\u00edk\u016f, schodi\u0161\u0165 i&nbsp;venkovn\u00edch teras &#8211; v\u0161ude tam, kde pot\u0159ebujete a&nbsp;za ka\u017ed\u00e9ho po\u010das\u00ed.&nbsp; Obejdete se bez posypov\u00fdch materi\u00e1lu, lopat. Topn\u00e9 [&hellip;]<\/p>\n <a class=\"ct-button\" href=\"https:\/\/dasix.cz\/?page_id=649\">v\u00edce<\/a>","protected":false},"author":1,"featured_media":0,"parent":0,"menu_order":0,"comment_status":"closed","ping_status":"closed","template":"","meta":{"footnotes":""},"class_list":["post-649","page","type-page","status-publish","hentry"],"blocksy_meta":[],"_links":{"self":[{"href":"https:\/\/dasix.cz\/index.php?rest_route=\/wp\/v2\/pages\/649","targetHints":{"allow":["GET"]}}],"collection":[{"href":"https:\/\/dasix.cz\/index.php?rest_route=\/wp\/v2\/pages"}],"about":[{"href":"https:\/\/dasix.cz\/index.php?rest_route=\/wp\/v2\/types\/page"}],"author":[{"embeddable":true,"href":"https:\/\/dasix.cz\/index.php?rest_route=\/wp\/v2\/users\/1"}],"replies":[{"embeddable":true,"href":"https:\/\/dasix.cz\/index.php?rest_route=%2Fwp%2Fv2%2Fcomments&post=649"}],"version-history":[{"count":13,"href":"https:\/\/dasix.cz\/index.php?rest_route=\/wp\/v2\/pages\/649\/revisions"}],"predecessor-version":[{"id":1594,"href":"https:\/\/dasix.cz\/index.php?rest_route=\/wp\/v2\/pages\/649\/revisions\/1594"}],"wp:attachment":[{"href":"https:\/\/dasix.cz\/index.php?rest_route=%2Fwp%2Fv2%2Fmedia&parent=649"}],"curies":[{"name":"wp","href":"https:\/\/api.w.org\/{rel}","templated":true}]}}