{"id":359,"date":"2025-06-27T10:26:27","date_gmt":"2025-06-27T10:26:27","guid":{"rendered":"http:\/\/new.dasix.cz\/?page_id=359"},"modified":"2025-10-09T14:22:22","modified_gmt":"2025-10-09T14:22:22","slug":"blog","status":"publish","type":"page","link":"https:\/\/dasix.cz\/?page_id=359","title":{"rendered":"Blog"},"content":{"rendered":"\n<div class=\"wp-block-stackable-spacer stk-block-spacer stk--no-padding stk-block stk-09319ab\" data-block-id=\"09319ab\"><style>.stk-09319ab {height:100px !important;}<\/style><\/div>\n\n\n\n<div class=\"wp-block-stackable-columns alignwide stk-block-columns stk-block stk-8fabfd0\" data-block-id=\"8fabfd0\"><div class=\"stk-row stk-inner-blocks stk-block-content stk-content-align stk-8fabfd0-column alignwide\">\n<div class=\"wp-block-stackable-column stk-block-column stk-column stk-block stk-18a2c6d\" data-v=\"4\" data-block-id=\"18a2c6d\"><div class=\"stk-column-wrapper stk-block-column__content stk-container stk-18a2c6d-container stk--no-background stk--no-padding\"><div class=\"stk-block-content stk-inner-blocks stk-18a2c6d-inner-blocks\">\n<div data-id=\"b6a\" class=\"wp-block-blocksy-query\"><div class=\"entries ct-query-template-list wp-block-blocksy-post-template is-layout-flow\"><article class=\"wp-block-post post-1123 post type-post status-publish format-standard hentry category-blog\">\n\n<div class=\"wp-block-columns is-layout-flex wp-container-core-columns-is-layout-28f84493 wp-block-columns-is-layout-flex\">\n<div class=\"wp-block-column is-vertically-aligned-center is-layout-flow wp-block-column-is-layout-flow\" style=\"flex-basis:75%\"><h2 style=\"border-style:none;border-width:0px; margin-bottom:0;margin-top:0;\" class=\"ct-dynamic-data wp-elements-6252fa603f7e8cf94e487f5b59a425c5 has-text-color has-palette-color-2-color has-large-font-size\">Pro\u010d si vybrat pr\u00e1v\u011b n\u00e1s?<\/h2>\n\n<div class=\"ct-dynamic-data\"><p>Na\u0161e firma se zab\u00fdv\u00e1 v\u00fdhradn\u011b kabelov\u00fdmi topn\u00fdmi syst\u00e9my ji\u017e 26 let a za tu dobu jsme dodali elektrick\u00e9 podlahov\u00e9 topen\u00ed na kl\u00ed\u010d pro v\u00edce ne\u017e 6.000 rodinn\u00fdch dom\u016f, r\u016fzn\u00fdch typ\u016f a velikost\u00ed. Na\u0161im z\u00e1kazn\u00edk\u016fm poskytujeme komplexn\u00ed slu\u017eby nejen p\u0159i prvotn\u00ed realizaci, ale zejm\u00e9na pak p\u0159i p\u0159\u00edpadn\u00fdch servisn\u00edch \u00fakonech a technick\u00e9\u2026<\/p>\n <a class=\"ct-button\" href=\"https:\/\/dasix.cz\/?p=1123\">v\u00edce<\/a><\/div><\/div>\n<\/div>\n\n\n\n<hr class=\"wp-block-separator has-alpha-channel-opacity is-style-wide\"\/>\n\n<\/article><article class=\"wp-block-post post-1963 post type-post status-publish format-standard hentry category-blog\">\n\n<div class=\"wp-block-columns is-layout-flex wp-container-core-columns-is-layout-28f84493 wp-block-columns-is-layout-flex\">\n<div class=\"wp-block-column is-vertically-aligned-center is-layout-flow wp-block-column-is-layout-flow\" style=\"flex-basis:75%\"><h2 style=\"border-style:none;border-width:0px; margin-bottom:0;margin-top:0;\" class=\"ct-dynamic-data wp-elements-6252fa603f7e8cf94e487f5b59a425c5 has-text-color has-palette-color-2-color has-large-font-size\">Pro\u010d nedoporu\u010dujeme ultra tenk\u00e9 uhl\u00edkov\u00e9 topn\u00e9 f\u00f3lie<\/h2>\n\n<div class=\"ct-dynamic-data\"><p>Na na\u0161em trhu se ji\u017e n\u011bjakou dobu objevuj\u00ed ultratenk\u00e9 uhl\u00edkov\u00e9 elektrick\u00e9 topn\u00e9 f\u00f3lie.&nbsp; Dodavateli jsou \u010dasto prezentov\u00e1ny jako nejlep\u0161\u00ed mo\u017en\u00fd zp\u016fsob elektrick\u00e9ho podlahov\u00e9ho vyt\u00e1p\u011bn\u00ed. Vyzdvihov\u00e1na je zejm\u00e9na jejich revolu\u010dn\u00ed konstrukce a efektivita p\u0159enosu tepla do m\u00edstnosti, kter\u00e1 zaru\u010d\u00ed nej\u00fasporn\u011bj\u0161\u00ed mo\u017en\u00fd provoz podlahov\u00e9ho vyt\u00e1p\u011bn\u00ed na trhu. To samoz\u0159ejm\u011b zn\u00ed skv\u011ble a\u2026<\/p>\n <a class=\"ct-button\" href=\"https:\/\/dasix.cz\/?p=1963\">v\u00edce<\/a><\/div><\/div>\n<\/div>\n\n\n\n<hr class=\"wp-block-separator has-alpha-channel-opacity is-style-wide\"\/>\n\n<\/article><article class=\"wp-block-post post-1117 post type-post status-publish format-standard hentry category-blog\">\n\n<div class=\"wp-block-columns is-layout-flex wp-container-core-columns-is-layout-28f84493 wp-block-columns-is-layout-flex\">\n<div class=\"wp-block-column is-vertically-aligned-center is-layout-flow wp-block-column-is-layout-flow\" style=\"flex-basis:75%\"><h2 style=\"border-style:none;border-width:0px; margin-bottom:0;margin-top:0;\" class=\"ct-dynamic-data wp-elements-6252fa603f7e8cf94e487f5b59a425c5 has-text-color has-palette-color-2-color has-large-font-size\">Vyhled\u00e1n\u00ed poruchy \/ servis \/ opravy<\/h2>\n\n<div class=\"ct-dynamic-data\"><p>Ve\u0161ker\u00e9 servisn\u00ed pr\u00e1ce a opravy prov\u00e1d\u00edme v\u00fdhradn\u011b na u n\u00e1s zakoupen\u00fd materi\u00e1l ! V p\u0159\u00edpad\u011b popt\u00e1vky technick\u00e9 podpory \/ servisn\u00edch prac\u00ed, za\u0161lete objedn\u00e1vku na technik@dasix.cz a zadejte \u010d. faktury \/ smlouvy o d\u00edlo nebo p\u0159ed\u00e1vac\u00edho protokolu. D\u011bkujeme za pochopen\u00ed Z\u00e1vada:&nbsp;nefunk\u010dn\u00ed podlahov\u00e9 topen\u00ed po 5-ti letech provozu, vyhazuje proudov\u00fd chr\u00e1ni\u010d. M\u00edsto\u2026<\/p>\n <a class=\"ct-button\" href=\"https:\/\/dasix.cz\/?p=1117\">v\u00edce<\/a><\/div><\/div>\n<\/div>\n\n\n\n<hr class=\"wp-block-separator has-alpha-channel-opacity is-style-wide\"\/>\n\n<\/article><article class=\"wp-block-post post-1115 post type-post status-publish format-standard hentry category-blog\">\n\n<div class=\"wp-block-columns is-layout-flex wp-container-core-columns-is-layout-28f84493 wp-block-columns-is-layout-flex\">\n<div class=\"wp-block-column is-vertically-aligned-center is-layout-flow wp-block-column-is-layout-flow\" style=\"flex-basis:75%\"><h2 style=\"border-style:none;border-width:0px; margin-bottom:0;margin-top:0;\" class=\"ct-dynamic-data wp-elements-6252fa603f7e8cf94e487f5b59a425c5 has-text-color has-palette-color-2-color has-large-font-size\">26 let zku\u0161enost\u00ed<\/h2>\n\n<div class=\"ct-dynamic-data\"><p>Na\u0161e prvn\u00ed instalace elektrick\u00e9ho podlahov\u00e9ho vyt\u00e1p\u011bn\u00ed jsou z roku 1999. To jsme byli mlad\u00ed kluci, s velk\u00fdm z\u00e1palem pro nov\u00e9 v\u011bci. Dnes po 26 letech, jsme stejn\u011b zap\u00e1len\u00ed a nav\u00edc nesrovnateln\u011b zku\u0161en\u011bj\u0161\u00ed. O elektrick\u00fdch podlahovk\u00e1ch v\u00edme opravdu hodn\u011b, za 26 let na\u0161\u00ed \u010dinnosti a realizac\u00ed v\u00edce ne\u017e 8.000 RD\/byt\u016f\/komer\u010dn\u00edch objekt\u016f,\u2026<\/p>\n <a class=\"ct-button\" href=\"https:\/\/dasix.cz\/?p=1115\">v\u00edce<\/a><\/div><\/div>\n<\/div>\n\n\n\n<hr class=\"wp-block-separator has-alpha-channel-opacity is-style-wide\"\/>\n\n<\/article><article class=\"wp-block-post post-1121 post type-post status-publish format-standard hentry category-blog\">\n\n<div class=\"wp-block-columns is-layout-flex wp-container-core-columns-is-layout-28f84493 wp-block-columns-is-layout-flex\">\n<div class=\"wp-block-column is-vertically-aligned-center is-layout-flow wp-block-column-is-layout-flow\" style=\"flex-basis:75%\"><h2 style=\"border-style:none;border-width:0px; margin-bottom:0;margin-top:0;\" class=\"ct-dynamic-data wp-elements-6252fa603f7e8cf94e487f5b59a425c5 has-text-color has-palette-color-2-color has-large-font-size\">Ochrana st\u0159e\u0161n\u00edch \u017elab\u016f a svod\u016f<\/h2>\n\n<div class=\"ct-dynamic-data\"><p>P\u0159i v\u00fdkyvech teplot&nbsp;a&nbsp;v\u011bt\u0161\u00ed sn\u011bhov\u00e9 nad\u00edlce trp\u00ed \u0159ada st\u0159ech poruchami s&nbsp;odvodem vody. Vlivem slunce \u010di s\u00e1l\u00e1n\u00edm z&nbsp;okoln\u00edch budov b\u011bhem kr\u00e1tk\u00e9ho zimn\u00edho dne a&nbsp;mraziv\u00fdch noc\u00ed doch\u00e1z\u00ed k zamrz\u00e1n\u00ed svod\u016f a&nbsp;okap\u016f, v&nbsp;d\u016fsledku \u010deho\u017e se tvo\u0159\u00ed ledov\u00e9 plotny a&nbsp;rampouchy, kter\u00e9 p\u0159i p\u00e1du ohro\u017euj\u00ed chodce, auta a&nbsp;zejm\u00e9na samotn\u00fd objekt.&nbsp;Zabezpe\u010den\u00e1&nbsp;bezchybn\u00e1 funkce okapov\u00e9ho syst\u00e9mu je preventivn\u00ed opat\u0159en\u00ed,\u2026<\/p>\n <a class=\"ct-button\" href=\"https:\/\/dasix.cz\/?p=1121\">v\u00edce<\/a><\/div><\/div>\n<\/div>\n\n\n\n<hr class=\"wp-block-separator has-alpha-channel-opacity is-style-wide\"\/>\n\n<\/article><article class=\"wp-block-post post-1119 post type-post status-publish format-standard hentry category-blog\">\n\n<div class=\"wp-block-columns is-layout-flex wp-container-core-columns-is-layout-28f84493 wp-block-columns-is-layout-flex\">\n<div class=\"wp-block-column is-vertically-aligned-center is-layout-flow wp-block-column-is-layout-flow\" style=\"flex-basis:75%\"><h2 style=\"border-style:none;border-width:0px; margin-bottom:0;margin-top:0;\" class=\"ct-dynamic-data wp-elements-6252fa603f7e8cf94e487f5b59a425c5 has-text-color has-palette-color-2-color has-large-font-size\">Ochrana venkovn\u00edch chodn\u00edk\u016f<\/h2>\n\n<div class=\"ct-dynamic-data\"><p>Kvalitn\u00ed \u00fadr\u017eba venkovn\u00edch ploch, kter\u00e1 zabezpe\u010d\u00ed sj\u00edzdnost a sch\u016fdnost povrch\u016f za ka\u017ed\u00e9ho po\u010das\u00ed mus\u00ed fungovat 24 hodin denn\u011b. P\u0159\u00edvaly sn\u011bhu je nutn\u00e9 stejn\u011b jako namrzaj\u00edc\u00ed d\u00e9\u0161\u0165 \u0159e\u0161it ihned. Syst\u00e9m je mo\u017en\u00e9 pou\u017e\u00edt prakticky pro v\u0161echny typy venkovn\u00edch stavebn\u00edch detail\u016f a povrch\u016f. Automatick\u00e1 ochrana snadno vy\u0159e\u0161\u00ed probl\u00e9m \u0161ikm\u00fdch vjezd\u016f do gar\u00e1\u017e\u00ed,\u2026<\/p>\n <a class=\"ct-button\" href=\"https:\/\/dasix.cz\/?p=1119\">v\u00edce<\/a><\/div><\/div>\n<\/div>\n\n\n\n<hr class=\"wp-block-separator has-alpha-channel-opacity is-style-wide\"\/>\n\n<\/article><article class=\"wp-block-post post-1113 post type-post status-publish format-standard hentry category-blog\">\n\n<div class=\"wp-block-columns is-layout-flex wp-container-core-columns-is-layout-28f84493 wp-block-columns-is-layout-flex\">\n<div class=\"wp-block-column is-vertically-aligned-center is-layout-flow wp-block-column-is-layout-flow\" style=\"flex-basis:75%\"><h2 style=\"border-style:none;border-width:0px; margin-bottom:0;margin-top:0;\" class=\"ct-dynamic-data wp-elements-6252fa603f7e8cf94e487f5b59a425c5 has-text-color has-palette-color-2-color has-large-font-size\">Pro\u010d nedoporu\u010dujeme samoregula\u010dn\u00ed topn\u00e9 kabely pro podlahov\u00e9 vyt\u00e1p\u011bn\u00ed ?<\/h2>\n\n<div class=\"ct-dynamic-data\"><p>V posledn\u00ed dob\u011b se m\u016f\u017eeme setkat s \u0159e\u0161en\u00edm elektrick\u00e9ho podlahov\u00e9ho topen\u00ed za pomoc\u00ed samoregula\u010dn\u00edch topn\u00fdch kabel\u016f. N\u011bkte\u0159\u00ed dodavatel\u00e9 pou\u017e\u00edvaj\u00ed v t\u00e9to souvislosti term\u00edn inteligentn\u00ed kabel \u010di inteligentn\u00ed podlaha, co\u017e v dne\u0161n\u00ed dob\u011b m\u016f\u017ee b\u00fdt pro u\u017eivatele zaj\u00edmav\u00fdm l\u00e1kadlem. Poj\u010fme si v\u0161ak \u0159\u00edci o n\u011bkter\u00fdch \u00faskal\u00edch, kter\u00e9 toto \u0159e\u0161en\u00ed p\u0159in\u00e1\u0161\u00ed. Nejprve\u2026<\/p>\n <a class=\"ct-button\" href=\"https:\/\/dasix.cz\/?p=1113\">v\u00edce<\/a><\/div><\/div>\n<\/div>\n\n\n\n<hr class=\"wp-block-separator has-alpha-channel-opacity is-style-wide\"\/>\n\n<\/article><article class=\"wp-block-post post-1111 post type-post status-publish format-standard hentry category-blog\">\n\n<div class=\"wp-block-columns is-layout-flex wp-container-core-columns-is-layout-28f84493 wp-block-columns-is-layout-flex\">\n<div class=\"wp-block-column is-vertically-aligned-center is-layout-flow wp-block-column-is-layout-flow\" style=\"flex-basis:75%\"><h2 style=\"border-style:none;border-width:0px; margin-bottom:0;margin-top:0;\" class=\"ct-dynamic-data wp-elements-6252fa603f7e8cf94e487f5b59a425c5 has-text-color has-palette-color-2-color has-large-font-size\">Pro\u010d si vybrat elektrick\u00e9 podlahov\u00e9 vyt\u00e1p\u011bn\u00ed ?<\/h2>\n\n<div class=\"ct-dynamic-data\"><p>Kr\u00e1sn\u011b h\u0159eje a p\u0159itom nem\u00e1te \u017e\u00e1dn\u00e9 starosti s provozem, jednodu\u0161e ho ovl\u00e1d\u00e1te odkudkoli chcete, nepot\u0159ebujte \u017e\u00e1dn\u00fd servis ani pravidelnou \u00fadr\u017ebu. Z\u00e1rove\u0148 je tento syst\u00e9m vhodn\u00e9 pro kombinaci s dal\u0161\u00edmi technologiemi. Kdo m\u00e1 r\u00e1d pro dotvo\u0159en\u00ed atmosf\u00e9ry \u017eiv\u00fd ohe\u0148 v krbu, s elektrick\u00fdm podlahov\u00fdm vyt\u00e1p\u011bn\u00edm jej pou\u017eijete bez omezen\u00ed. Programovateln\u00e9 termostaty\u2026<\/p>\n <a class=\"ct-button\" href=\"https:\/\/dasix.cz\/?p=1111\">v\u00edce<\/a><\/div><\/div>\n<\/div>\n\n\n\n<hr class=\"wp-block-separator has-alpha-channel-opacity is-style-wide\"\/>\n\n<\/article><article class=\"wp-block-post post-1109 post type-post status-publish format-standard hentry category-blog\">\n\n<div class=\"wp-block-columns is-layout-flex wp-container-core-columns-is-layout-28f84493 wp-block-columns-is-layout-flex\">\n<div class=\"wp-block-column is-vertically-aligned-center is-layout-flow wp-block-column-is-layout-flow\" style=\"flex-basis:75%\"><h2 style=\"border-style:none;border-width:0px; margin-bottom:0;margin-top:0;\" class=\"ct-dynamic-data wp-elements-6252fa603f7e8cf94e487f5b59a425c5 has-text-color has-palette-color-2-color has-large-font-size\">Co jsou odporov\u00e9 topn\u00e9 kabely ?<\/h2>\n\n<div class=\"ct-dynamic-data\"><p>Topn\u00e9 kabely jsou stejn\u011b jako b\u011b\u017en\u00e9 spot\u0159ebi\u010de nap\u00e1jeny elektrickou energi\u00ed. Na rozd\u00edl od dom\u00e1c\u00edch spot\u0159ebi\u010d\u016f tyto elektrick\u00e9 topn\u00e9 prvky nevid\u00edme, proto\u017ee jsou bezpe\u010dn\u011b ulo\u017eeny v podlahov\u00e9 konstrukci. Jak topn\u00e9 kabely funguj\u00ed Elektrick\u00fd topn\u00fd kabel pracuje tak, \u017ee&nbsp;p\u0159i pr\u016fchodu elektrick\u00e9ho proudu se za\u010dne zah\u0159\u00edvat. Topn\u00fd kabel je ulo\u017een\u00fd v podlahov\u00e9 konstrukci,\u2026<\/p>\n <a class=\"ct-button\" href=\"https:\/\/dasix.cz\/?p=1109\">v\u00edce<\/a><\/div><\/div>\n<\/div>\n\n\n\n<hr class=\"wp-block-separator has-alpha-channel-opacity is-style-wide\"\/>\n\n<\/article><article class=\"wp-block-post post-1107 post type-post status-publish format-standard hentry category-blog\">\n\n<div class=\"wp-block-columns is-layout-flex wp-container-core-columns-is-layout-28f84493 wp-block-columns-is-layout-flex\">\n<div class=\"wp-block-column is-vertically-aligned-center is-layout-flow wp-block-column-is-layout-flow\" style=\"flex-basis:75%\"><h2 style=\"border-style:none;border-width:0px; margin-bottom:0;margin-top:0;\" class=\"ct-dynamic-data wp-elements-6252fa603f7e8cf94e487f5b59a425c5 has-text-color has-palette-color-2-color has-large-font-size\">Rozd\u00edly v topn\u00fdch kabelech<\/h2>\n\n<div class=\"ct-dynamic-data\"><p>Porovn\u00e1n\u00ed dvou\u017eilov\u00fdch odporov\u00fdch topn\u00fdch kabel\u016f. Pou\u017e\u00edv\u00e1me v\u00fdhradn\u011b odporov\u00e9 dvou\u017eilov\u00e9 topn\u00e9 kabely s CU ochrann\u00fdm opleten\u00edm a do\u017eivotn\u00ed z\u00e1rukou. Nadstandartn\u00ed z\u00e1ruka &#8211; topn\u00e9 kabely jsou prov\u011b\u0159en\u00e9 p\u0159i dod\u00e1vk\u00e1ch podlahov\u00fdch topen\u00ed ji\u017e d\u00e9le ne\u017e 26 let. Cht\u011bjte nejvy\u0161\u0161\u00ed kvalitu u topen\u00ed, kter\u00e9 nevid\u00edte !<\/p>\n <a class=\"ct-button\" href=\"https:\/\/dasix.cz\/?p=1107\">v\u00edce<\/a><\/div><\/div>\n<\/div>\n\n\n\n<hr class=\"wp-block-separator has-alpha-channel-opacity is-style-wide\"\/>\n\n<\/article><\/div><\/div>\n<\/div><\/div><\/div>\n<\/div><\/div>\n\n\n\n<div class=\"wp-block-stackable-spacer stk-block-spacer stk--no-padding stk-block stk-nzp80uk\" data-block-id=\"nzp80uk\"><\/div>\n","protected":false},"excerpt":{"rendered":" <a class=\"ct-button\" href=\"https:\/\/dasix.cz\/?page_id=359\">v\u00edce<\/a>","protected":false},"author":1,"featured_media":0,"parent":0,"menu_order":0,"comment_status":"closed","ping_status":"closed","template":"","meta":{"footnotes":""},"class_list":["post-359","page","type-page","status-publish","hentry"],"blocksy_meta":[],"_links":{"self":[{"href":"https:\/\/dasix.cz\/index.php?rest_route=\/wp\/v2\/pages\/359","targetHints":{"allow":["GET"]}}],"collection":[{"href":"https:\/\/dasix.cz\/index.php?rest_route=\/wp\/v2\/pages"}],"about":[{"href":"https:\/\/dasix.cz\/index.php?rest_route=\/wp\/v2\/types\/page"}],"author":[{"embeddable":true,"href":"https:\/\/dasix.cz\/index.php?rest_route=\/wp\/v2\/users\/1"}],"replies":[{"embeddable":true,"href":"https:\/\/dasix.cz\/index.php?rest_route=%2Fwp%2Fv2%2Fcomments&post=359"}],"version-history":[{"count":45,"href":"https:\/\/dasix.cz\/index.php?rest_route=\/wp\/v2\/pages\/359\/revisions"}],"predecessor-version":[{"id":1598,"href":"https:\/\/dasix.cz\/index.php?rest_route=\/wp\/v2\/pages\/359\/revisions\/1598"}],"wp:attachment":[{"href":"https:\/\/dasix.cz\/index.php?rest_route=%2Fwp%2Fv2%2Fmedia&parent=359"}],"curies":[{"name":"wp","href":"https:\/\/api.w.org\/{rel}","templated":true}]}}